{"id":968,"date":"2024-04-09T15:45:02","date_gmt":"2024-04-09T14:45:02","guid":{"rendered":"https:\/\/scandinavian-tool.se\/product\/quadcut-extern-skarning\/"},"modified":"2025-09-15T09:37:48","modified_gmt":"2025-09-15T08:37:48","slug":"quadcut-external","status":"publish","type":"product","link":"https:\/\/scandinavian-tool.se\/sv\/gangskarverktyg-for-cnc-svarvar\/quadcut-external\/","title":{"rendered":"Quad<span>Cut External<\/span>\u00ae"},"content":{"rendered":"","protected":false},"excerpt":{"rendered":"<p>QuadCut \u00e4r en helt annan typ av g\u00e4ngverktyg. I st\u00e4llet f\u00f6r det traditionella horisontella triangul\u00e4ra sk\u00e4ret \u00e4r detta sk\u00e4r placerat uppr\u00e4tt och har en kvadratisk form.<\/p>\n<ul>\n<li>Sk\u00e4ret \u00e4r mycket starkare<\/li>\n<li>Inf\u00e4stningen av sk\u00e4ret \u00e4r mycket mer stabilt<\/li>\n<li>Sk\u00e4ret har fyra sk\u00e4reggar i st\u00e4llet f\u00f6r tre<\/li>\n<\/ul>\n","protected":false},"featured_media":79,"template":"","meta":{"_acf_changed":false,"inline_featured_image":false},"product_brand":[],"product_cat":[145,72],"product_tag":[],"class_list":{"0":"post-968","1":"product","2":"type-product","3":"status-publish","4":"has-post-thumbnail","6":"product_cat-gangskarverktyg-for-cnc-svarvar","7":"product_cat-verktyg","9":"first","10":"instock","11":"taxable","12":"shipping-taxable","13":"product-type-simple"},"acf":[],"_links":{"self":[{"href":"https:\/\/scandinavian-tool.se\/sv\/wp-json\/wp\/v2\/product\/968","targetHints":{"allow":["GET"]}}],"collection":[{"href":"https:\/\/scandinavian-tool.se\/sv\/wp-json\/wp\/v2\/product"}],"about":[{"href":"https:\/\/scandinavian-tool.se\/sv\/wp-json\/wp\/v2\/types\/product"}],"wp:featuredmedia":[{"embeddable":true,"href":"https:\/\/scandinavian-tool.se\/sv\/wp-json\/wp\/v2\/media\/79"}],"wp:attachment":[{"href":"https:\/\/scandinavian-tool.se\/sv\/wp-json\/wp\/v2\/media?parent=968"}],"wp:term":[{"taxonomy":"product_brand","embeddable":true,"href":"https:\/\/scandinavian-tool.se\/sv\/wp-json\/wp\/v2\/product_brand?post=968"},{"taxonomy":"product_cat","embeddable":true,"href":"https:\/\/scandinavian-tool.se\/sv\/wp-json\/wp\/v2\/product_cat?post=968"},{"taxonomy":"product_tag","embeddable":true,"href":"https:\/\/scandinavian-tool.se\/sv\/wp-json\/wp\/v2\/product_tag?post=968"}],"curies":[{"name":"wp","href":"https:\/\/api.w.org\/{rel}","templated":true}]}}