{"id":2056,"date":"2024-06-03T09:04:59","date_gmt":"2024-06-03T08:04:59","guid":{"rendered":"https:\/\/scandinavian-tool.se\/okategoriserad\/quadcut-satser\/"},"modified":"2025-09-16T14:55:05","modified_gmt":"2025-09-16T13:55:05","slug":"quadcut-satser","status":"publish","type":"product","link":"https:\/\/scandinavian-tool.se\/sv\/verktyg\/quadcut-satser\/","title":{"rendered":"Quad<span>Cut<\/span> Kits\u00ae"},"content":{"rendered":"","protected":false},"excerpt":{"rendered":"<p>Scandinavian Tool Systems har tagit fram 12 st olika praktiska kit f\u00f6r utv\u00e4ndig och inv\u00e4ndig g\u00e4ngning.<\/p>\n<p>Se pdf dokumentet f\u00f6r de olika kombinationerna. Det g\u00e5r \u00e4ven att skapa en egen mix av sk\u00e4r ifr\u00e5n v\u00e5rt standard sortiment.<\/p>\n","protected":false},"featured_media":165,"template":"","meta":{"_acf_changed":false,"inline_featured_image":false},"product_brand":[],"product_cat":[72],"product_tag":[],"class_list":{"0":"post-2056","1":"product","2":"type-product","3":"status-publish","4":"has-post-thumbnail","6":"product_cat-verktyg","8":"first","9":"instock","10":"taxable","11":"shipping-taxable","12":"product-type-simple"},"acf":[],"_links":{"self":[{"href":"https:\/\/scandinavian-tool.se\/sv\/wp-json\/wp\/v2\/product\/2056","targetHints":{"allow":["GET"]}}],"collection":[{"href":"https:\/\/scandinavian-tool.se\/sv\/wp-json\/wp\/v2\/product"}],"about":[{"href":"https:\/\/scandinavian-tool.se\/sv\/wp-json\/wp\/v2\/types\/product"}],"wp:featuredmedia":[{"embeddable":true,"href":"https:\/\/scandinavian-tool.se\/sv\/wp-json\/wp\/v2\/media\/165"}],"wp:attachment":[{"href":"https:\/\/scandinavian-tool.se\/sv\/wp-json\/wp\/v2\/media?parent=2056"}],"wp:term":[{"taxonomy":"product_brand","embeddable":true,"href":"https:\/\/scandinavian-tool.se\/sv\/wp-json\/wp\/v2\/product_brand?post=2056"},{"taxonomy":"product_cat","embeddable":true,"href":"https:\/\/scandinavian-tool.se\/sv\/wp-json\/wp\/v2\/product_cat?post=2056"},{"taxonomy":"product_tag","embeddable":true,"href":"https:\/\/scandinavian-tool.se\/sv\/wp-json\/wp\/v2\/product_tag?post=2056"}],"curies":[{"name":"wp","href":"https:\/\/api.w.org\/{rel}","templated":true}]}}