{"id":2054,"date":"2024-06-03T08:52:20","date_gmt":"2024-06-03T07:52:20","guid":{"rendered":"https:\/\/scandinavian-tool.se\/okategoriserad\/gangfras\/"},"modified":"2025-09-16T15:00:48","modified_gmt":"2025-09-16T14:00:48","slug":"gangfras","status":"publish","type":"product","link":"https:\/\/scandinavian-tool.se\/sv\/gangfrasverktyg\/gangfras\/","title":{"rendered":"Thread<span>Mill<\/span>\u00ae"},"content":{"rendered":"","protected":false},"excerpt":{"rendered":"<p>Scandinavian Tool Systems erbjuder ett brett program med g\u00e4ngfr\u00e4sar i solid h\u00e5rdmetall.<\/p>\n<ul>\n<li>L\u00e5ga sk\u00e4rkrafter och korta sp\u00e5nor ger optimala sk\u00e4regenskaper och h\u00f6gre kvalitet<\/li>\n<li>Samma verktyg f\u00f6r h\u00f6ger och v\u00e4nsterg\u00e4nga<\/li>\n<li>Utm\u00e4rkt resultat i sv\u00e5rbearbetat material s\u00e5som Inconel och Titan<\/li>\n<\/ul>\n","protected":false},"featured_media":176,"template":"","meta":{"_acf_changed":false,"inline_featured_image":false},"product_brand":[],"product_cat":[143,72],"product_tag":[],"class_list":{"0":"post-2054","1":"product","2":"type-product","3":"status-publish","4":"has-post-thumbnail","6":"product_cat-gangfrasverktyg","7":"product_cat-verktyg","9":"first","10":"instock","11":"taxable","12":"shipping-taxable","13":"product-type-simple"},"acf":[],"_links":{"self":[{"href":"https:\/\/scandinavian-tool.se\/sv\/wp-json\/wp\/v2\/product\/2054","targetHints":{"allow":["GET"]}}],"collection":[{"href":"https:\/\/scandinavian-tool.se\/sv\/wp-json\/wp\/v2\/product"}],"about":[{"href":"https:\/\/scandinavian-tool.se\/sv\/wp-json\/wp\/v2\/types\/product"}],"wp:featuredmedia":[{"embeddable":true,"href":"https:\/\/scandinavian-tool.se\/sv\/wp-json\/wp\/v2\/media\/176"}],"wp:attachment":[{"href":"https:\/\/scandinavian-tool.se\/sv\/wp-json\/wp\/v2\/media?parent=2054"}],"wp:term":[{"taxonomy":"product_brand","embeddable":true,"href":"https:\/\/scandinavian-tool.se\/sv\/wp-json\/wp\/v2\/product_brand?post=2054"},{"taxonomy":"product_cat","embeddable":true,"href":"https:\/\/scandinavian-tool.se\/sv\/wp-json\/wp\/v2\/product_cat?post=2054"},{"taxonomy":"product_tag","embeddable":true,"href":"https:\/\/scandinavian-tool.se\/sv\/wp-json\/wp\/v2\/product_tag?post=2054"}],"curies":[{"name":"wp","href":"https:\/\/api.w.org\/{rel}","templated":true}]}}