{"id":1062,"date":"2024-06-03T08:38:57","date_gmt":"2024-06-03T07:38:57","guid":{"rendered":"https:\/\/scandinavian-tool.se\/product\/twincut-skarning\/"},"modified":"2025-09-15T09:43:17","modified_gmt":"2025-09-15T08:43:17","slug":"twincut","status":"publish","type":"product","link":"https:\/\/scandinavian-tool.se\/sv\/gangskarverktyg-for-cnc-svarvar\/twincut\/","title":{"rendered":"Twin<span>Cut<\/span>\u00ae"},"content":{"rendered":"","protected":false},"excerpt":{"rendered":"<p>TwinCut-systemet l\u00e4mpar sig f\u00f6r applikationer d\u00e4r st\u00f6rre stigningar kr\u00e4vs men d\u00e4r h\u00e5ldiametern \u00e4r begr\u00e4nsad.<\/p>\n<ul>\n<li>H\u00f6g indexeringsnoggrannhet<\/li>\n<li>H\u00f6ger och v\u00e4nster g\u00e4ngor<\/li>\n<\/ul>\n","protected":false},"featured_media":182,"template":"","meta":{"_acf_changed":false,"inline_featured_image":false},"product_brand":[],"product_cat":[145,72],"product_tag":[],"class_list":{"0":"post-1062","1":"product","2":"type-product","3":"status-publish","4":"has-post-thumbnail","6":"product_cat-gangskarverktyg-for-cnc-svarvar","7":"product_cat-verktyg","9":"first","10":"instock","11":"taxable","12":"shipping-taxable","13":"product-type-simple"},"acf":[],"_links":{"self":[{"href":"https:\/\/scandinavian-tool.se\/sv\/wp-json\/wp\/v2\/product\/1062","targetHints":{"allow":["GET"]}}],"collection":[{"href":"https:\/\/scandinavian-tool.se\/sv\/wp-json\/wp\/v2\/product"}],"about":[{"href":"https:\/\/scandinavian-tool.se\/sv\/wp-json\/wp\/v2\/types\/product"}],"wp:featuredmedia":[{"embeddable":true,"href":"https:\/\/scandinavian-tool.se\/sv\/wp-json\/wp\/v2\/media\/182"}],"wp:attachment":[{"href":"https:\/\/scandinavian-tool.se\/sv\/wp-json\/wp\/v2\/media?parent=1062"}],"wp:term":[{"taxonomy":"product_brand","embeddable":true,"href":"https:\/\/scandinavian-tool.se\/sv\/wp-json\/wp\/v2\/product_brand?post=1062"},{"taxonomy":"product_cat","embeddable":true,"href":"https:\/\/scandinavian-tool.se\/sv\/wp-json\/wp\/v2\/product_cat?post=1062"},{"taxonomy":"product_tag","embeddable":true,"href":"https:\/\/scandinavian-tool.se\/sv\/wp-json\/wp\/v2\/product_tag?post=1062"}],"curies":[{"name":"wp","href":"https:\/\/api.w.org\/{rel}","templated":true}]}}