{"id":1056,"date":"2024-05-31T15:58:08","date_gmt":"2024-05-31T14:58:08","guid":{"rendered":"https:\/\/scandinavian-tool.se\/product\/quadcutoff\/"},"modified":"2025-09-15T09:37:10","modified_gmt":"2025-09-15T08:37:10","slug":"quadcutoff","status":"publish","type":"product","link":"https:\/\/scandinavian-tool.se\/sv\/svarvskarverktyg\/quadcutoff\/","title":{"rendered":"Quad<span>CutOff<\/span>\u00ae"},"content":{"rendered":"","protected":false},"excerpt":{"rendered":"<p>QuadCutOff \u00e4r tillverkad av HSS och har en TiN-bel\u00e4ggning. Precisionsslipning av dessa verktyg ger extremt vassa sk\u00e4reggar.<\/p>\n<ul>\n<li>F\u00f6r specialapplikationer som tunnv\u00e4ggiga r\u00f6r<\/li>\n<li>Kan anv\u00e4ndas i svarvar av SWISS typ<\/li>\n<li>Rak eller vinklad avstickning<\/li>\n<li>Sp\u00e5r f\u00f6r l\u00e5sring<\/li>\n<\/ul>\n","protected":false},"featured_media":169,"template":"","meta":{"_acf_changed":false,"inline_featured_image":false},"product_brand":[],"product_cat":[144,72],"product_tag":[],"class_list":{"0":"post-1056","1":"product","2":"type-product","3":"status-publish","4":"has-post-thumbnail","6":"product_cat-svarvskarverktyg","7":"product_cat-verktyg","9":"first","10":"instock","11":"taxable","12":"shipping-taxable","13":"product-type-simple"},"acf":[],"_links":{"self":[{"href":"https:\/\/scandinavian-tool.se\/sv\/wp-json\/wp\/v2\/product\/1056","targetHints":{"allow":["GET"]}}],"collection":[{"href":"https:\/\/scandinavian-tool.se\/sv\/wp-json\/wp\/v2\/product"}],"about":[{"href":"https:\/\/scandinavian-tool.se\/sv\/wp-json\/wp\/v2\/types\/product"}],"wp:featuredmedia":[{"embeddable":true,"href":"https:\/\/scandinavian-tool.se\/sv\/wp-json\/wp\/v2\/media\/169"}],"wp:attachment":[{"href":"https:\/\/scandinavian-tool.se\/sv\/wp-json\/wp\/v2\/media?parent=1056"}],"wp:term":[{"taxonomy":"product_brand","embeddable":true,"href":"https:\/\/scandinavian-tool.se\/sv\/wp-json\/wp\/v2\/product_brand?post=1056"},{"taxonomy":"product_cat","embeddable":true,"href":"https:\/\/scandinavian-tool.se\/sv\/wp-json\/wp\/v2\/product_cat?post=1056"},{"taxonomy":"product_tag","embeddable":true,"href":"https:\/\/scandinavian-tool.se\/sv\/wp-json\/wp\/v2\/product_tag?post=1056"}],"curies":[{"name":"wp","href":"https:\/\/api.w.org\/{rel}","templated":true}]}}