{"id":1009,"date":"2024-05-30T16:01:58","date_gmt":"2024-05-30T15:01:58","guid":{"rendered":"https:\/\/scandinavian-tool.se\/product\/quadcut-invandigt\/"},"modified":"2025-09-15T09:37:32","modified_gmt":"2025-09-15T08:37:32","slug":"quadcut-internal","status":"publish","type":"product","link":"https:\/\/scandinavian-tool.se\/sv\/gangskarverktyg-for-cnc-svarvar\/quadcut-internal\/","title":{"rendered":"Quad<span>Cut Internal<\/span>\u00ae"},"content":{"rendered":"","protected":false},"excerpt":{"rendered":"<p>QuadCut \u00e4r en helt annan typ av g\u00e4ngverktyg. I st\u00e4llet f\u00f6r det traditionella horisontella triangul\u00e4ra sk\u00e4ret \u00e4r detta sk\u00e4r placerat uppr\u00e4tt och har en kvadratisk form.<\/p>\n<ul>\n<li>Sk\u00e4ret \u00e4r mycket starkare<\/li>\n<li>Inf\u00e4stningen av sk\u00e4ret \u00e4r mycket mer stabilt<\/li>\n<li>Sk\u00e4ret har fyra sk\u00e4reggar i st\u00e4llet f\u00f6r tre<\/li>\n<\/ul>\n","protected":false},"featured_media":162,"template":"","meta":{"_acf_changed":false,"inline_featured_image":false},"product_brand":[],"product_cat":[145,72],"product_tag":[],"class_list":{"0":"post-1009","1":"product","2":"type-product","3":"status-publish","4":"has-post-thumbnail","6":"product_cat-gangskarverktyg-for-cnc-svarvar","7":"product_cat-verktyg","9":"first","10":"instock","11":"taxable","12":"shipping-taxable","13":"product-type-simple"},"acf":[],"_links":{"self":[{"href":"https:\/\/scandinavian-tool.se\/sv\/wp-json\/wp\/v2\/product\/1009","targetHints":{"allow":["GET"]}}],"collection":[{"href":"https:\/\/scandinavian-tool.se\/sv\/wp-json\/wp\/v2\/product"}],"about":[{"href":"https:\/\/scandinavian-tool.se\/sv\/wp-json\/wp\/v2\/types\/product"}],"wp:featuredmedia":[{"embeddable":true,"href":"https:\/\/scandinavian-tool.se\/sv\/wp-json\/wp\/v2\/media\/162"}],"wp:attachment":[{"href":"https:\/\/scandinavian-tool.se\/sv\/wp-json\/wp\/v2\/media?parent=1009"}],"wp:term":[{"taxonomy":"product_brand","embeddable":true,"href":"https:\/\/scandinavian-tool.se\/sv\/wp-json\/wp\/v2\/product_brand?post=1009"},{"taxonomy":"product_cat","embeddable":true,"href":"https:\/\/scandinavian-tool.se\/sv\/wp-json\/wp\/v2\/product_cat?post=1009"},{"taxonomy":"product_tag","embeddable":true,"href":"https:\/\/scandinavian-tool.se\/sv\/wp-json\/wp\/v2\/product_tag?post=1009"}],"curies":[{"name":"wp","href":"https:\/\/api.w.org\/{rel}","templated":true}]}}