{"id":875,"date":"2024-04-11T09:47:36","date_gmt":"2024-04-11T08:47:36","guid":{"rendered":"https:\/\/scandinavian-tool.se\/om\/"},"modified":"2024-09-02T12:51:52","modified_gmt":"2024-09-02T11:51:52","slug":"om-oss","status":"publish","type":"page","link":"https:\/\/scandinavian-tool.se\/sv\/om-oss\/","title":{"rendered":"Om oss"},"content":{"rendered":"<figure class=\"gb-block-image gb-block-image-952a8908\"><img loading=\"lazy\" decoding=\"async\" width=\"2560\" height=\"1195\" src=\"https:\/\/scandinavian-tool.se\/wp-content\/uploads\/2024\/04\/sts-webb-about1-210224-scaled.jpg\" class=\"gb-image-952a8908\" alt=\"QuadCut threading tool holders and inserts from Scandinavian Tool Systems displayed against a light background.\" srcset=\"https:\/\/scandinavian-tool.se\/wp-content\/uploads\/2024\/04\/sts-webb-about1-210224-scaled.jpg 2560w, https:\/\/scandinavian-tool.se\/wp-content\/uploads\/2024\/04\/sts-webb-about1-210224-800x374.jpg 800w, https:\/\/scandinavian-tool.se\/wp-content\/uploads\/2024\/04\/sts-webb-about1-210224-1280x598.jpg 1280w, https:\/\/scandinavian-tool.se\/wp-content\/uploads\/2024\/04\/sts-webb-about1-210224-768x359.jpg 768w, https:\/\/scandinavian-tool.se\/wp-content\/uploads\/2024\/04\/sts-webb-about1-210224-1536x717.jpg 1536w, https:\/\/scandinavian-tool.se\/wp-content\/uploads\/2024\/04\/sts-webb-about1-210224-2048x956.jpg 2048w, https:\/\/scandinavian-tool.se\/wp-content\/uploads\/2024\/04\/sts-webb-about1-210224-640x299.jpg 640w, https:\/\/scandinavian-tool.se\/wp-content\/uploads\/2024\/04\/sts-webb-about1-210224-1024x478.jpg 1024w, https:\/\/scandinavian-tool.se\/wp-content\/uploads\/2024\/04\/sts-webb-about1-210224-1200x560.jpg 1200w, https:\/\/scandinavian-tool.se\/wp-content\/uploads\/2024\/04\/sts-webb-about1-210224-1920x897.jpg 1920w\" sizes=\"auto, (max-width: 2560px) 100vw, 2560px\" \/><\/figure>\n\n<div class=\"gb-container gb-container-75a01dca outer-gutter\">\n<div class=\"gb-container gb-container-b1d885e9\">\n<div class=\"gb-container gb-container-66a0a469\">\n<h1 class=\"gb-headline gb-headline-cb96abd7 gb-headline-text\">Om oss<\/h1>\n\n\n<p class=\"gb-headline gb-headline-6562ca7a gb-headline-text\">Scandinavian Tool Systems \u00e4r en svenskbaserad tillverkare och leverant\u00f6r av verktyg f\u00f6r g\u00e4ngsvarvning, g\u00e4ngfr\u00e4sning, avstickning och sp\u00e5rsvarvning.<\/p>\n\n\n\n<p>F\u00f6retaget grundades 1989 och b\u00f6rjade marknadsf\u00f6ra ett egenutvecklat sk\u00e4r f\u00f6r g\u00e4ngsvarvning, QuadCut. Sk\u00e4ret finns p\u00e5 den nordamerikanska marknaden och marknadsf\u00f6rs under varum\u00e4rket QuadThread. Se v\u00e5rt f\u00f6rs\u00e4ljningsbolag i USA.<\/p>\n\n\n\n<p>QuadCut f\u00f6ljdes av flera andra produkter, QuadCutOff f\u00f6r avstickning, ThreadMill f\u00f6r g\u00e4ngfr\u00e4sning och TwinCut. V\u00e5ra produkter marknadsf\u00f6rs genom ett n\u00e4tverk av distribut\u00f6rer. Scandinavian Tool Systems finns representerat i mer \u00e4n 40 l\u00e4nder \u00f6ver hela v\u00e4rlden.<\/p>\n\n\n\n<p>Organisationen \u00e4r den svenska medlemmen i European Committee for Co-operation of the Machine Tool Industries (CECIMO) och European Cutting Tools Association (ECTA).<\/p>\n\n\n\n<p>V\u00e5rt f\u00f6retag ligger i byn Insj\u00f6n som ligger i Dalarnas l\u00e4n.<\/p>\n\n<\/div>\n\n<div class=\"gb-container gb-container-b6696cb5\">\n\n<figure class=\"gb-block-image gb-block-image-4427a9f7\"><img loading=\"lazy\" decoding=\"async\" width=\"1280\" height=\"960\" class=\"gb-image gb-image-4427a9f7\" src=\"https:\/\/scandinavian-tool.se\/wp-content\/uploads\/2024\/04\/sts-webb-about2-210224-1280x960.jpg\" alt=\"\" title=\"sts-webb-about2-210224\" srcset=\"https:\/\/scandinavian-tool.se\/wp-content\/uploads\/2024\/04\/sts-webb-about2-210224-1280x960.jpg 1280w, https:\/\/scandinavian-tool.se\/wp-content\/uploads\/2024\/04\/sts-webb-about2-210224-800x600.jpg 800w, https:\/\/scandinavian-tool.se\/wp-content\/uploads\/2024\/04\/sts-webb-about2-210224-768x576.jpg 768w, https:\/\/scandinavian-tool.se\/wp-content\/uploads\/2024\/04\/sts-webb-about2-210224-1536x1152.jpg 1536w, https:\/\/scandinavian-tool.se\/wp-content\/uploads\/2024\/04\/sts-webb-about2-210224-2048x1536.jpg 2048w, https:\/\/scandinavian-tool.se\/wp-content\/uploads\/2024\/04\/sts-webb-about2-210224-640x480.jpg 640w, https:\/\/scandinavian-tool.se\/wp-content\/uploads\/2024\/04\/sts-webb-about2-210224-1024x768.jpg 1024w, https:\/\/scandinavian-tool.se\/wp-content\/uploads\/2024\/04\/sts-webb-about2-210224-1200x900.jpg 1200w, https:\/\/scandinavian-tool.se\/wp-content\/uploads\/2024\/04\/sts-webb-about2-210224-1920x1440.jpg 1920w\" sizes=\"auto, (max-width: 1280px) 100vw, 1280px\" \/><\/figure>\n\n<\/div>\n<\/div>\n<\/div>\n\n\n<div style=\"height:150px\" aria-hidden=\"true\" class=\"wp-block-spacer\"><\/div>\n","protected":false},"excerpt":{"rendered":"<p>Om oss Scandinavian Tool Systems \u00e4r en svenskbaserad tillverkare och leverant\u00f6r av verktyg f\u00f6r g\u00e4ngsvarvning, g\u00e4ngfr\u00e4sning, avstickning och sp\u00e5rsvarvning. F\u00f6retaget grundades 1989 och b\u00f6rjade marknadsf\u00f6ra ett egenutvecklat sk\u00e4r f\u00f6r g\u00e4ngsvarvning,&#8230;<\/p>\n","protected":false},"author":1,"featured_media":201,"parent":0,"menu_order":0,"comment_status":"closed","ping_status":"closed","template":"page-templates\/page-blank.php","meta":{"_acf_changed":false,"inline_featured_image":false,"footnotes":""},"class_list":["post-875","page","type-page","status-publish","has-post-thumbnail","hentry"],"acf":[],"_links":{"self":[{"href":"https:\/\/scandinavian-tool.se\/sv\/wp-json\/wp\/v2\/pages\/875","targetHints":{"allow":["GET"]}}],"collection":[{"href":"https:\/\/scandinavian-tool.se\/sv\/wp-json\/wp\/v2\/pages"}],"about":[{"href":"https:\/\/scandinavian-tool.se\/sv\/wp-json\/wp\/v2\/types\/page"}],"author":[{"embeddable":true,"href":"https:\/\/scandinavian-tool.se\/sv\/wp-json\/wp\/v2\/users\/1"}],"replies":[{"embeddable":true,"href":"https:\/\/scandinavian-tool.se\/sv\/wp-json\/wp\/v2\/comments?post=875"}],"version-history":[{"count":5,"href":"https:\/\/scandinavian-tool.se\/sv\/wp-json\/wp\/v2\/pages\/875\/revisions"}],"predecessor-version":[{"id":1633,"href":"https:\/\/scandinavian-tool.se\/sv\/wp-json\/wp\/v2\/pages\/875\/revisions\/1633"}],"wp:featuredmedia":[{"embeddable":true,"href":"https:\/\/scandinavian-tool.se\/sv\/wp-json\/wp\/v2\/media\/201"}],"wp:attachment":[{"href":"https:\/\/scandinavian-tool.se\/sv\/wp-json\/wp\/v2\/media?parent=875"}],"curies":[{"name":"wp","href":"https:\/\/api.w.org\/{rel}","templated":true}]}}