{"id":850,"date":"2024-04-11T10:41:41","date_gmt":"2024-04-11T09:41:41","guid":{"rendered":"https:\/\/scandinavian-tool.se\/kontakt\/"},"modified":"2025-09-14T20:21:57","modified_gmt":"2025-09-14T19:21:57","slug":"kontakt","status":"publish","type":"page","link":"https:\/\/scandinavian-tool.se\/sv\/kontakt\/","title":{"rendered":"Kontakt"},"content":{"rendered":"<figure class=\"gb-block-image gb-block-image-952a8908\"><img loading=\"lazy\" decoding=\"async\" width=\"2560\" height=\"1195\" src=\"https:\/\/scandinavian-tool.se\/wp-content\/uploads\/2024\/04\/sts-webb-contact-210224-scaled.jpg\" class=\"gb-image-952a8908\" alt=\"Scandinavian tool systems\" srcset=\"https:\/\/scandinavian-tool.se\/wp-content\/uploads\/2024\/04\/sts-webb-contact-210224-scaled.jpg 2560w, https:\/\/scandinavian-tool.se\/wp-content\/uploads\/2024\/04\/sts-webb-contact-210224-800x374.jpg 800w, https:\/\/scandinavian-tool.se\/wp-content\/uploads\/2024\/04\/sts-webb-contact-210224-1280x598.jpg 1280w, https:\/\/scandinavian-tool.se\/wp-content\/uploads\/2024\/04\/sts-webb-contact-210224-768x359.jpg 768w, https:\/\/scandinavian-tool.se\/wp-content\/uploads\/2024\/04\/sts-webb-contact-210224-1536x717.jpg 1536w, https:\/\/scandinavian-tool.se\/wp-content\/uploads\/2024\/04\/sts-webb-contact-210224-2048x956.jpg 2048w, https:\/\/scandinavian-tool.se\/wp-content\/uploads\/2024\/04\/sts-webb-contact-210224-640x299.jpg 640w, https:\/\/scandinavian-tool.se\/wp-content\/uploads\/2024\/04\/sts-webb-contact-210224-1024x478.jpg 1024w, https:\/\/scandinavian-tool.se\/wp-content\/uploads\/2024\/04\/sts-webb-contact-210224-1200x560.jpg 1200w, https:\/\/scandinavian-tool.se\/wp-content\/uploads\/2024\/04\/sts-webb-contact-210224-1920x897.jpg 1920w\" sizes=\"auto, (max-width: 2560px) 100vw, 2560px\" \/><\/figure><div class=\"gb-container gb-container-75a01dca outer-gutter\">\n<div class=\"gb-container gb-container-b1d885e9\">\n<div class=\"gb-container gb-container-66a0a469\">\n\n<h1 class=\"gb-headline gb-headline-cb96abd7 gb-headline-text\">Scandinavian Tool Systems<\/h1>\n\n\n\n<p>Mellan\u00e5kersv\u00e4gen 19<br\/>SE-793 40 Insj\u00f6n, Sverige<\/p>\n\n\n\n<p>Telefon: <a href=\"tel:+4624741020\">+46 (0)247 410 20<\/a><br\/><a href=\"mailto:info@scandinavian-tool.se\">info@scandinavian-tool.se<\/a><\/p>\n\n\n\n<p>Observera att best\u00e4llningar inte kan g\u00f6ras i detta formul\u00e4r.<br\/>Best\u00e4llningar g\u00f6rs via e-post.<\/p>\n\n\n<script>\n\t\t\t\twindow.GMMapConfig = {\"options\":{\"mapSelector\":\"simple-map\",\"mapId\":\"53544fc1b2813202\",\"maxInitialZoom\":4},\"locations\":[{\"title\":\"Scandinavian Tool Systems\",\"link\":\"\",\"highlight\":true,\"image\":\"\",\"location\":{\"lat\":60.6817131,\"lng\":15.0900697},\"contents\":\"\\\"<div class=\\\\\\\"item-table\\\\\\\">\\\\n\\\\t\\\\t\\\\t\\\\t\\\\t\\\\t\\\\t\\\\t\\\\t\\\\t\\\\t<div class=\\\\\\\"grid-x item-table-row\\\\\\\">\\\\n\\\\t\\\\t\\\\t\\\\t\\\\t\\\\t\\\\t<div class=\\\\\\\"cell small-4 item-table-label\\\\\\\">\\\\n\\\\t\\\\t\\\\t\\\\t\\\\t\\\\t\\\\t\\\\tAdress\\\\t\\\\t\\\\t\\\\t\\\\t\\\\t\\\\t<\\\\\\\/div>\\\\n\\\\t\\\\t\\\\t\\\\t\\\\t\\\\t\\\\t<div class=\\\\\\\"cell small-12 item-table-content\\\\\\\">\\\\n\\\\t\\\\t\\\\t\\\\t\\\\t\\\\t\\\\t\\\\t<p>Mellan\\\\u00e5kersv\\\\u00e4gen 19<br \\\\\\\/>\\\\n793 40 Insj\\\\u00f6n<br \\\\\\\/>\\\\nSweden<\\\\\\\/p>\\\\n\\\\t\\\\t\\\\t\\\\t\\\\t\\\\t\\\\t<\\\\\\\/div>\\\\n\\\\t\\\\t\\\\t\\\\t\\\\t\\\\t<\\\\\\\/div>\\\\n\\\\t\\\\t\\\\t\\\\t\\\\t\\\\t\\\\t\\\\t\\\\t\\\\t\\\\t\\\\t\\\\t\\\\t\\\\t\\\\t<div class=\\\\\\\"grid-x item-table-row\\\\\\\">\\\\n\\\\t\\\\t\\\\t\\\\t\\\\t\\\\t\\\\t<div class=\\\\\\\"cell small-4 item-table-label\\\\\\\">\\\\n\\\\t\\\\t\\\\t\\\\t\\\\t\\\\t\\\\t\\\\tTelefon\\\\t\\\\t\\\\t\\\\t\\\\t\\\\t\\\\t<\\\\\\\/div>\\\\n\\\\t\\\\t\\\\t\\\\t\\\\t\\\\t\\\\t<div class=\\\\\\\"cell small-12 item-table-content\\\\\\\">\\\\n\\\\t\\\\t\\\\t\\\\t\\\\t\\\\t\\\\t\\\\t<a href=\\\\\\\"tel:+46 (0)247 410 20\\\\\\\">+46 (0)247 410 20<\\\\\\\/a>\\\\n\\\\t\\\\t\\\\t\\\\t\\\\t\\\\t\\\\t<\\\\\\\/div>\\\\n\\\\t\\\\t\\\\t\\\\t\\\\t\\\\t<\\\\\\\/div>\\\\n\\\\t\\\\t\\\\t\\\\t\\\\t\\\\t\\\\t\\\\t\\\\t\\\\t\\\\t\\\\t\\\\t\\\\t\\\\t\\\\t<div class=\\\\\\\"grid-x item-table-row\\\\\\\">\\\\n\\\\t\\\\t\\\\t\\\\t\\\\t\\\\t\\\\t<div class=\\\\\\\"cell small-4 item-table-label\\\\\\\">\\\\n\\\\t\\\\t\\\\t\\\\t\\\\t\\\\t\\\\t\\\\tE-post\\\\t\\\\t\\\\t\\\\t\\\\t\\\\t\\\\t<\\\\\\\/div>\\\\n\\\\t\\\\t\\\\t\\\\t\\\\t\\\\t\\\\t<div class=\\\\\\\"cell small-12 item-table-content\\\\\\\">\\\\n\\\\t\\\\t\\\\t\\\\t\\\\t\\\\t\\\\t\\\\t<a href=\\\\\\\"mailto:info@scandinavian-tool.se\\\\\\\">info@scandinavian-tool.se<\\\\\\\/a>\\\\n\\\\t\\\\t\\\\t\\\\t\\\\t\\\\t\\\\t<\\\\\\\/div>\\\\n\\\\t\\\\t\\\\t\\\\t\\\\t\\\\t<\\\\\\\/div>\\\\n\\\\t\\\\t\\\\t\\\\t\\\\t\\\\t\\\\t\\\\t\\\\t\\\\t\\\\t\\\\t\\\\t\\\\t<\\\\\\\/div>\\\"\"}]}\t\t\t<\/script>\n\n\n<div class=\"gb-container gb-container-2576c037\" id=\"simple-map\"><\/div>\n\n\n<div style=\"height:36px\" aria-hidden=\"true\" class=\"wp-block-spacer\"><\/div>\n\n<\/div>\n\n<div class=\"gb-container gb-container-b6696cb5\">\n\n<div class=\"wp-block-contact-form-7-contact-form-selector\">\n<div class=\"wpcf7 no-js\" id=\"wpcf7-f845-o1\" lang=\"sv-SE\" dir=\"ltr\" data-wpcf7-id=\"845\">\n<div class=\"screen-reader-response\"><p role=\"status\" aria-live=\"polite\" aria-atomic=\"true\"><\/p> <ul><\/ul><\/div>\n<form action=\"\/sv\/wp-json\/wp\/v2\/pages\/850#wpcf7-f845-o1\" method=\"post\" class=\"wpcf7-form init\" aria-label=\"Kontaktformul\u00e4r\" novalidate=\"novalidate\" data-status=\"init\">\n<fieldset class=\"hidden-fields-container\"><input type=\"hidden\" name=\"_wpcf7\" value=\"845\" \/><input type=\"hidden\" name=\"_wpcf7_version\" value=\"6.1.5\" \/><input type=\"hidden\" name=\"_wpcf7_locale\" value=\"sv_SE\" \/><input type=\"hidden\" name=\"_wpcf7_unit_tag\" value=\"wpcf7-f845-o1\" \/><input type=\"hidden\" name=\"_wpcf7_container_post\" value=\"0\" \/><input type=\"hidden\" name=\"_wpcf7_posted_data_hash\" value=\"\" \/><input type=\"hidden\" name=\"_wpcf7_recaptcha_response\" value=\"\" \/>\n<\/fieldset>\n<div>\n\t<p><span class=\"wpcf7-form-control-wrap\" data-name=\"your-name\"><input size=\"40\" maxlength=\"400\" class=\"wpcf7-form-control wpcf7-text wpcf7-validates-as-required\" autocomplete=\"name\" aria-required=\"true\" aria-invalid=\"false\" placeholder=\"Namn\" value=\"\" type=\"text\" name=\"your-name\" \/><\/span>\n\t<\/p>\n<\/div>\n<div>\n\t<p><span class=\"wpcf7-form-control-wrap\" data-name=\"your-company\"><input size=\"40\" maxlength=\"400\" class=\"wpcf7-form-control wpcf7-text\" autocomplete=\"organization\" aria-invalid=\"false\" placeholder=\"F\u00f6retag\" value=\"\" type=\"text\" name=\"your-company\" \/><\/span>\n\t<\/p>\n<\/div>\n<div>\n\t<p><span class=\"wpcf7-form-control-wrap\" data-name=\"your-email\"><input size=\"40\" maxlength=\"400\" class=\"wpcf7-form-control wpcf7-email wpcf7-validates-as-required wpcf7-text wpcf7-validates-as-email\" autocomplete=\"email\" aria-required=\"true\" aria-invalid=\"false\" placeholder=\"E-post\" value=\"\" type=\"email\" name=\"your-email\" \/><\/span>\n\t<\/p>\n<\/div>\n<div>\n\t<p><span class=\"wpcf7-form-control-wrap\" data-name=\"your-phone\"><input size=\"40\" maxlength=\"400\" class=\"wpcf7-form-control wpcf7-text wpcf7-validates-as-required\" autocomplete=\"tel\" aria-required=\"true\" aria-invalid=\"false\" placeholder=\"Telefonnummer (inkl. riktnummer)\" value=\"\" type=\"text\" name=\"your-phone\" \/><\/span>\n\t<\/p>\n<\/div>\n<div>\n\t<p><span class=\"wpcf7-form-control-wrap\" data-name=\"your-subject\"><input size=\"40\" maxlength=\"400\" class=\"wpcf7-form-control wpcf7-text wpcf7-validates-as-required\" aria-required=\"true\" aria-invalid=\"false\" placeholder=\"\u00c4mne\" value=\"\" type=\"text\" name=\"your-subject\" \/><\/span>\n\t<\/p>\n<\/div>\n<div>\n\t<p><span class=\"wpcf7-form-control-wrap\" data-name=\"your-message\"><textarea cols=\"40\" rows=\"10\" maxlength=\"2000\" class=\"wpcf7-form-control wpcf7-textarea\" aria-invalid=\"false\" placeholder=\"Meddelande\" name=\"your-message\"><\/textarea><\/span>\n\t<\/p>\n<\/div>\n<div>\n\t<p><input class=\"wpcf7-form-control wpcf7-submit has-spinner button alt\" type=\"submit\" value=\"Skicka\" \/>\n\t<\/p>\n<\/div><div class=\"wpcf7-response-output\" aria-hidden=\"true\"><\/div>\n<\/form>\n<\/div>\n<\/div>\n\n<\/div>\n<\/div>\n<\/div>\n<div style=\"height:150px\" aria-hidden=\"true\" class=\"wp-block-spacer\"><\/div>\n","protected":false},"excerpt":{"rendered":"<p>Scandinavian Tool Systems Mellan\u00e5kersv\u00e4gen 19SE-793 40 Insj\u00f6n, Sverige Telefon: +46 (0)247 410 20info@scandinavian-tool.se Observera att best\u00e4llningar inte kan g\u00f6ras i detta formul\u00e4r.Best\u00e4llningar g\u00f6rs via e-post.<\/p>\n","protected":false},"author":1,"featured_media":247,"parent":0,"menu_order":0,"comment_status":"closed","ping_status":"closed","template":"page-templates\/page-blank.php","meta":{"_acf_changed":false,"inline_featured_image":false,"footnotes":""},"class_list":["post-850","page","type-page","status-publish","has-post-thumbnail","hentry"],"acf":[],"_links":{"self":[{"href":"https:\/\/scandinavian-tool.se\/sv\/wp-json\/wp\/v2\/pages\/850","targetHints":{"allow":["GET"]}}],"collection":[{"href":"https:\/\/scandinavian-tool.se\/sv\/wp-json\/wp\/v2\/pages"}],"about":[{"href":"https:\/\/scandinavian-tool.se\/sv\/wp-json\/wp\/v2\/types\/page"}],"author":[{"embeddable":true,"href":"https:\/\/scandinavian-tool.se\/sv\/wp-json\/wp\/v2\/users\/1"}],"replies":[{"embeddable":true,"href":"https:\/\/scandinavian-tool.se\/sv\/wp-json\/wp\/v2\/comments?post=850"}],"version-history":[{"count":13,"href":"https:\/\/scandinavian-tool.se\/sv\/wp-json\/wp\/v2\/pages\/850\/revisions"}],"predecessor-version":[{"id":2059,"href":"https:\/\/scandinavian-tool.se\/sv\/wp-json\/wp\/v2\/pages\/850\/revisions\/2059"}],"wp:featuredmedia":[{"embeddable":true,"href":"https:\/\/scandinavian-tool.se\/sv\/wp-json\/wp\/v2\/media\/247"}],"wp:attachment":[{"href":"https:\/\/scandinavian-tool.se\/sv\/wp-json\/wp\/v2\/media?parent=850"}],"curies":[{"name":"wp","href":"https:\/\/api.w.org\/{rel}","templated":true}]}}