{"id":1763,"date":"2024-06-03T08:52:20","date_gmt":"2024-06-03T07:52:20","guid":{"rendered":"https:\/\/scandinavian-tool.se\/unkategorisiert\/threadmill\/"},"modified":"2025-09-16T15:01:57","modified_gmt":"2025-09-16T14:01:57","slug":"threadmill","status":"publish","type":"product","link":"https:\/\/scandinavian-tool.se\/de\/gewindefraeser\/threadmill\/","title":{"rendered":"Thread<span>Mill<\/span>\u00ae"},"content":{"rendered":"","protected":false},"excerpt":{"rendered":"<p>Scandinavian Tool Systems bietet eine breite Palette an Gewindefr\u00e4sern aus Vollhartmetall an.<\/p>\n<ul>\n<li>Geringe Schnittkr\u00e4fte und kurze Sp\u00e4ne sorgen f\u00fcr optimale Schnitteigenschaften und h\u00f6here Qualit\u00e4t<\/li>\n<li>Gleiches Werkzeug f\u00fcr Rechts- und Linksgewinde<\/li>\n<li>Hervorragende Ergebnisse bei schwer zerspanbaren Materialien wie Inconel und Titan<\/li>\n<\/ul>\n","protected":false},"featured_media":175,"template":"","meta":{"_acf_changed":false,"inline_featured_image":false},"product_brand":[],"product_cat":[124,74],"product_tag":[],"class_list":{"0":"post-1763","1":"product","2":"type-product","3":"status-publish","4":"has-post-thumbnail","6":"product_cat-gewindefraeser","7":"product_cat-werkzeuge","9":"first","10":"instock","11":"taxable","12":"shipping-taxable","13":"product-type-simple"},"acf":[],"_links":{"self":[{"href":"https:\/\/scandinavian-tool.se\/de\/wp-json\/wp\/v2\/product\/1763","targetHints":{"allow":["GET"]}}],"collection":[{"href":"https:\/\/scandinavian-tool.se\/de\/wp-json\/wp\/v2\/product"}],"about":[{"href":"https:\/\/scandinavian-tool.se\/de\/wp-json\/wp\/v2\/types\/product"}],"wp:featuredmedia":[{"embeddable":true,"href":"https:\/\/scandinavian-tool.se\/de\/wp-json\/wp\/v2\/media\/175"}],"wp:attachment":[{"href":"https:\/\/scandinavian-tool.se\/de\/wp-json\/wp\/v2\/media?parent=1763"}],"wp:term":[{"taxonomy":"product_brand","embeddable":true,"href":"https:\/\/scandinavian-tool.se\/de\/wp-json\/wp\/v2\/product_brand?post=1763"},{"taxonomy":"product_cat","embeddable":true,"href":"https:\/\/scandinavian-tool.se\/de\/wp-json\/wp\/v2\/product_cat?post=1763"},{"taxonomy":"product_tag","embeddable":true,"href":"https:\/\/scandinavian-tool.se\/de\/wp-json\/wp\/v2\/product_tag?post=1763"}],"curies":[{"name":"wp","href":"https:\/\/api.w.org\/{rel}","templated":true}]}}