{"id":1055,"date":"2024-06-03T08:38:57","date_gmt":"2024-06-03T07:38:57","guid":{"rendered":"https:\/\/scandinavian-tool.se\/product\/twincut\/"},"modified":"2025-09-15T09:45:58","modified_gmt":"2025-09-15T08:45:58","slug":"twincut","status":"publish","type":"product","link":"https:\/\/scandinavian-tool.se\/de\/gewindedrehwerkzeuge-fuer-cnc-drehmaschinen\/twincut\/","title":{"rendered":"Twin<span>Cut<\/span>\u00ae"},"content":{"rendered":"","protected":false},"excerpt":{"rendered":"<p>Das TwinCut-System eignet sich f\u00fcr Anwendungen, bei denen gr\u00f6\u00dfere Teilungen erforderlich sind, der Lochdurchmesser jedoch begrenzt ist.<\/p>\n<ul>\n<li>Hohe Indizierungsgenauigkeit<\/li>\n<li>Rechts- und linksg\u00e4ngige Gewinde<\/li>\n<\/ul>\n","protected":false},"featured_media":181,"template":"","meta":{"_acf_changed":false,"inline_featured_image":false},"product_brand":[],"product_cat":[123,74],"product_tag":[],"class_list":{"0":"post-1055","1":"product","2":"type-product","3":"status-publish","4":"has-post-thumbnail","6":"product_cat-gewindedrehwerkzeuge-fuer-cnc-drehmaschinen","7":"product_cat-werkzeuge","9":"first","10":"instock","11":"taxable","12":"shipping-taxable","13":"product-type-simple"},"acf":[],"_links":{"self":[{"href":"https:\/\/scandinavian-tool.se\/de\/wp-json\/wp\/v2\/product\/1055","targetHints":{"allow":["GET"]}}],"collection":[{"href":"https:\/\/scandinavian-tool.se\/de\/wp-json\/wp\/v2\/product"}],"about":[{"href":"https:\/\/scandinavian-tool.se\/de\/wp-json\/wp\/v2\/types\/product"}],"wp:featuredmedia":[{"embeddable":true,"href":"https:\/\/scandinavian-tool.se\/de\/wp-json\/wp\/v2\/media\/181"}],"wp:attachment":[{"href":"https:\/\/scandinavian-tool.se\/de\/wp-json\/wp\/v2\/media?parent=1055"}],"wp:term":[{"taxonomy":"product_brand","embeddable":true,"href":"https:\/\/scandinavian-tool.se\/de\/wp-json\/wp\/v2\/product_brand?post=1055"},{"taxonomy":"product_cat","embeddable":true,"href":"https:\/\/scandinavian-tool.se\/de\/wp-json\/wp\/v2\/product_cat?post=1055"},{"taxonomy":"product_tag","embeddable":true,"href":"https:\/\/scandinavian-tool.se\/de\/wp-json\/wp\/v2\/product_tag?post=1055"}],"curies":[{"name":"wp","href":"https:\/\/api.w.org\/{rel}","templated":true}]}}