{"id":1692,"date":"2025-03-20T10:45:51","date_gmt":"2025-03-20T09:45:51","guid":{"rendered":"https:\/\/scandinavian-tool.se\/?page_id=1692"},"modified":"2025-03-20T10:59:26","modified_gmt":"2025-03-20T09:59:26","slug":"uber-uns-2","status":"publish","type":"page","link":"https:\/\/scandinavian-tool.se\/de\/uber-uns-2\/","title":{"rendered":"\u00dcber uns"},"content":{"rendered":"<figure class=\"gb-block-image gb-block-image-952a8908\"><img loading=\"lazy\" decoding=\"async\" width=\"2560\" height=\"1195\" src=\"https:\/\/scandinavian-tool.se\/wp-content\/uploads\/2024\/04\/sts-webb-about1-210224-scaled.jpg\" class=\"gb-image-952a8908\" alt=\"QuadCut threading tool holders and inserts from Scandinavian Tool Systems displayed against a light background.\" srcset=\"https:\/\/scandinavian-tool.se\/wp-content\/uploads\/2024\/04\/sts-webb-about1-210224-scaled.jpg 2560w, https:\/\/scandinavian-tool.se\/wp-content\/uploads\/2024\/04\/sts-webb-about1-210224-800x374.jpg 800w, https:\/\/scandinavian-tool.se\/wp-content\/uploads\/2024\/04\/sts-webb-about1-210224-1280x598.jpg 1280w, https:\/\/scandinavian-tool.se\/wp-content\/uploads\/2024\/04\/sts-webb-about1-210224-768x359.jpg 768w, https:\/\/scandinavian-tool.se\/wp-content\/uploads\/2024\/04\/sts-webb-about1-210224-1536x717.jpg 1536w, https:\/\/scandinavian-tool.se\/wp-content\/uploads\/2024\/04\/sts-webb-about1-210224-2048x956.jpg 2048w, https:\/\/scandinavian-tool.se\/wp-content\/uploads\/2024\/04\/sts-webb-about1-210224-640x299.jpg 640w, https:\/\/scandinavian-tool.se\/wp-content\/uploads\/2024\/04\/sts-webb-about1-210224-1024x478.jpg 1024w, https:\/\/scandinavian-tool.se\/wp-content\/uploads\/2024\/04\/sts-webb-about1-210224-1200x560.jpg 1200w, https:\/\/scandinavian-tool.se\/wp-content\/uploads\/2024\/04\/sts-webb-about1-210224-1920x897.jpg 1920w\" sizes=\"auto, (max-width: 2560px) 100vw, 2560px\" \/><\/figure><div class=\"gb-container gb-container-75a01dca outer-gutter\">\n<div class=\"gb-container gb-container-b1d885e9\">\n<div class=\"gb-container gb-container-66a0a469\">\n<h1 class=\"gb-headline gb-headline-cb96abd7 gb-headline-text\">\u00dcber uns<\/h1>\n\n\n<p class=\"gb-headline gb-headline-6562ca7a gb-headline-text\">Scandinavian Tool Systems ist ein schwedischer Hersteller und Lieferant f\u00fcr Werkzeuge zum Gewindedrehen, Gewindefr\u00e4sen, Abstechen und Einstechen.<\/p>\n\n\n\n<p>Das Unternehmen wurde 1989 gegr\u00fcndet und begann mit der Vermarktung eines selbst entwickelten Einsatzes zum Gewindedrehen, dem QuadCut. Der Einsatz wird in Nordamerika unter dem Markennamen QuadThread vermarktet. Siehe unsere Vertriebsgesellschaft in den USA.<\/p>\n\n\n\n<p>Auf QuadCut folgten mehrere andere Produkte, QuadCutOff zum Abstechen, ThreadMill zum Gewindefr\u00e4sen und TwinCut. Unsere Produkte werden \u00fcber ein Netzwerk von Vertriebsh\u00e4ndlern vermarktet. Scandinavian Tool Systems ist in mehr als 40 L\u00e4ndern weltweit vertreten.<\/p>\n\n\n\n<p>Die Organisation ist das schwedische Mitglied European Committee for Co-operation of the Machine Tool Industries (CECIMO) und European Cutting Tools Association (ECTA).<\/p>\n\n\n\n<p>Unser Unternehmen befindet sich in dem Dorf Insj\u00f6n in der Grafschaft Dalecarlia.<\/p>\n\n<\/div>\n\n<div class=\"gb-container gb-container-b6696cb5\">\n\n<figure class=\"gb-block-image gb-block-image-4427a9f7\"><img loading=\"lazy\" decoding=\"async\" width=\"1280\" height=\"960\" class=\"gb-image gb-image-4427a9f7\" src=\"https:\/\/scandinavian-tool.se\/wp-content\/uploads\/2024\/04\/sts-webb-about2-210224-1280x960.jpg\" alt=\"\" title=\"sts-webb-about2-210224\" srcset=\"https:\/\/scandinavian-tool.se\/wp-content\/uploads\/2024\/04\/sts-webb-about2-210224-1280x960.jpg 1280w, https:\/\/scandinavian-tool.se\/wp-content\/uploads\/2024\/04\/sts-webb-about2-210224-800x600.jpg 800w, https:\/\/scandinavian-tool.se\/wp-content\/uploads\/2024\/04\/sts-webb-about2-210224-768x576.jpg 768w, https:\/\/scandinavian-tool.se\/wp-content\/uploads\/2024\/04\/sts-webb-about2-210224-1536x1152.jpg 1536w, https:\/\/scandinavian-tool.se\/wp-content\/uploads\/2024\/04\/sts-webb-about2-210224-2048x1536.jpg 2048w, https:\/\/scandinavian-tool.se\/wp-content\/uploads\/2024\/04\/sts-webb-about2-210224-640x480.jpg 640w, https:\/\/scandinavian-tool.se\/wp-content\/uploads\/2024\/04\/sts-webb-about2-210224-1024x768.jpg 1024w, https:\/\/scandinavian-tool.se\/wp-content\/uploads\/2024\/04\/sts-webb-about2-210224-1200x900.jpg 1200w, https:\/\/scandinavian-tool.se\/wp-content\/uploads\/2024\/04\/sts-webb-about2-210224-1920x1440.jpg 1920w\" sizes=\"auto, (max-width: 1280px) 100vw, 1280px\" \/><\/figure>\n\n<\/div>\n<\/div>\n<\/div>\n<div style=\"height:150px\" aria-hidden=\"true\" class=\"wp-block-spacer\"><\/div>\n\n<p><\/p>\n","protected":false},"excerpt":{"rendered":"<p>\u00dcber uns Scandinavian Tool Systems ist ein schwedischer Hersteller und Lieferant f\u00fcr Werkzeuge zum Gewindedrehen, Gewindefr\u00e4sen, Abstechen und Einstechen. Das Unternehmen wurde 1989 gegr\u00fcndet und begann mit der Vermarktung eines&#8230;<\/p>\n","protected":false},"author":1,"featured_media":200,"parent":0,"menu_order":0,"comment_status":"closed","ping_status":"closed","template":"page-templates\/page-blank.php","meta":{"_acf_changed":false,"inline_featured_image":false,"footnotes":""},"class_list":["post-1692","page","type-page","status-publish","has-post-thumbnail","hentry"],"acf":[],"_links":{"self":[{"href":"https:\/\/scandinavian-tool.se\/de\/wp-json\/wp\/v2\/pages\/1692","targetHints":{"allow":["GET"]}}],"collection":[{"href":"https:\/\/scandinavian-tool.se\/de\/wp-json\/wp\/v2\/pages"}],"about":[{"href":"https:\/\/scandinavian-tool.se\/de\/wp-json\/wp\/v2\/types\/page"}],"author":[{"embeddable":true,"href":"https:\/\/scandinavian-tool.se\/de\/wp-json\/wp\/v2\/users\/1"}],"replies":[{"embeddable":true,"href":"https:\/\/scandinavian-tool.se\/de\/wp-json\/wp\/v2\/comments?post=1692"}],"version-history":[{"count":1,"href":"https:\/\/scandinavian-tool.se\/de\/wp-json\/wp\/v2\/pages\/1692\/revisions"}],"predecessor-version":[{"id":1696,"href":"https:\/\/scandinavian-tool.se\/de\/wp-json\/wp\/v2\/pages\/1692\/revisions\/1696"}],"wp:featuredmedia":[{"embeddable":true,"href":"https:\/\/scandinavian-tool.se\/de\/wp-json\/wp\/v2\/media\/200"}],"wp:attachment":[{"href":"https:\/\/scandinavian-tool.se\/de\/wp-json\/wp\/v2\/media?parent=1692"}],"curies":[{"name":"wp","href":"https:\/\/api.w.org\/{rel}","templated":true}]}}